{"id":41589,"date":"2019-04-10T10:43:27","date_gmt":"2019-04-10T08:43:27","guid":{"rendered":"https:\/\/feinton.net\/?page_id=41589"},"modified":"2024-02-29T16:42:38","modified_gmt":"2024-02-29T15:42:38","slug":"remote-recording","status":"publish","type":"page","link":"https:\/\/feinton.net\/en\/remote-recording","title":{"rendered":"Remote Recording"},"content":{"rendered":"<p><div id=\"sessionlinkpro\" class=\"fusion-container-anchor\"><div class=\"fusion-fullwidth fullwidth-box fusion-builder-row-1 fusion-flex-container has-pattern-background has-mask-background nonhundred-percent-fullwidth non-hundred-percent-height-scrolling fusion-menu\" style=\"--awb-border-radius-top-left:0px;--awb-border-radius-top-right:0px;--awb-border-radius-bottom-right:0px;--awb-border-radius-bottom-left:0px;--awb-padding-top:3%;--awb-flex-wrap:wrap;\" ><div class=\"fusion-builder-row fusion-row fusion-flex-align-items-flex-start fusion-flex-justify-content-center fusion-flex-content-wrap\" style=\"max-width:1248px;margin-left: calc(-4% \/ 2 );margin-right: calc(-4% \/ 2 );\"><div class=\"fusion-layout-column fusion_builder_column fusion-builder-column-0 fusion_builder_column_3_4 3_4 fusion-flex-column\" style=\"--awb-bg-size:cover;--awb-width-large:75%;--awb-margin-top-large:0px;--awb-spacing-right-large:2.56%;--awb-margin-bottom-large:20px;--awb-spacing-left-large:2.56%;--awb-width-medium:100%;--awb-order-medium:0;--awb-spacing-right-medium:1.92%;--awb-spacing-left-medium:1.92%;--awb-width-small:100%;--awb-order-small:0;--awb-spacing-right-small:1.92%;--awb-spacing-left-small:1.92%;\"><div class=\"fusion-column-wrapper fusion-column-has-shadow fusion-flex-justify-content-flex-start fusion-content-layout-column\"><i class=\"fb-icon-element-1 fb-icon-element fontawesome-icon fa-cloud-upload-alt fas circle-no fusion-animated\" style=\"--awb-iconcolor:var(--awb-color8);--awb-iconcolor-hover:var(--awb-color8);--awb-font-size:69px;--awb-align-self:center;--awb-margin-top:0px;--awb-margin-right:0px;--awb-margin-bottom:30px;--awb-margin-left:0px;\" data-animationtype=\"fadeInLeft\" data-animationduration=\"1.0\" data-animationoffset=\"top-into-view\"><\/i><div class=\"fusion-title title fusion-title-1 fusion-sep-none fusion-title-center fusion-title-text fusion-title-size-one fusion-animated\" style=\"--awb-margin-top:0px;--awb-margin-right:0px;--awb-margin-left:0px;--awb-margin-top-small:0px;--awb-margin-right-small:0px;--awb-margin-bottom-small:20px;--awb-margin-left-small:0px;\" data-animationtype=\"fadeInLeft\" data-animationduration=\"1.0\" data-animationoffset=\"top-into-view\"><h1 class=\"fusion-title-heading title-heading-center fusion-responsive-typography-calculated\" style=\"margin:0;--fontSize:89;line-height:0.85;\">Remote Recording<\/h1><\/div><\/div><\/div><div class=\"fusion-layout-column fusion_builder_column fusion-builder-column-1 fusion_builder_column_3_5 3_5 fusion-flex-column fusion-flex-align-self-flex-start fusion-column-no-min-height fusion-animated\" style=\"--awb-bg-size:cover;--awb-width-large:60%;--awb-margin-top-large:0px;--awb-spacing-right-large:3.2%;--awb-margin-bottom-large:20px;--awb-spacing-left-large:3.2%;--awb-width-medium:100%;--awb-order-medium:0;--awb-spacing-right-medium:1.92%;--awb-spacing-left-medium:1.92%;--awb-width-small:100%;--awb-order-small:0;--awb-spacing-right-small:1.92%;--awb-spacing-left-small:1.92%;\" data-animationtype=\"fadeInLeft\" data-animationduration=\"1.0\" data-animationoffset=\"top-into-view\" data-scroll-devices=\"small-visibility,medium-visibility,large-visibility\"><div class=\"fusion-column-wrapper fusion-column-has-shadow fusion-flex-justify-content-flex-start fusion-content-layout-column\"><div class=\"fusion-text fusion-text-1 fusion-text-no-margin\" style=\"--awb-margin-bottom:40px;\"><p style=\"text-align: center;\">We have been working remotely for many recording sessions for several years.<\/p>\n<p style=\"text-align: center;\">Dabei setzen wir auf die <b>besten Services<\/b> f\u00fcr Browser-basierte Far-End-Recording L\u00f6sungen, die bidirektionale Audio- und Video\u00fcbertragungen <b>in h\u00f6chster Qualit\u00e4t<\/b> und mit niedriger Latenz erm\u00f6glichen.<\/p>\n<\/div><\/div><\/div><div class=\"fusion-layout-column fusion_builder_column fusion-builder-column-2 fusion_builder_column_1_1 1_1 fusion-flex-column fusion-animated\" style=\"--awb-bg-size:cover;--awb-width-large:100%;--awb-margin-top-large:0px;--awb-spacing-right-large:1.92%;--awb-margin-bottom-large:20px;--awb-spacing-left-large:1.92%;--awb-width-medium:100%;--awb-order-medium:0;--awb-spacing-right-medium:1.92%;--awb-spacing-left-medium:1.92%;--awb-width-small:100%;--awb-order-small:0;--awb-spacing-right-small:1.92%;--awb-spacing-left-small:1.92%;\" data-animationtype=\"fadeInDown\" data-animationduration=\"1.0\" data-animationoffset=\"top-into-view\" data-scroll-devices=\"small-visibility,medium-visibility,large-visibility\"><div class=\"fusion-column-wrapper fusion-column-has-shadow fusion-flex-justify-content-flex-start fusion-content-layout-column\"><div class=\"fusion-content-boxes content-boxes columns row fusion-columns-3 fusion-columns-total-3 fusion-content-boxes-1 content-boxes-clean-horizontal content-left content-boxes-icon-on-side\" style=\"--awb-iconcolor:var(--awb-color3);--awb-hover-accent-color:var(--awb-color3);--awb-circle-hover-accent-color:transparent;\" data-animationoffset=\"top-into-view\"><div style=\"--awb-backgroundcolor:#ffffff;--awb-iconcolor:var(--awb-color3);--awb-content-padding-left:68px;border-color:rgba(255,255,255,0);\" class=\"fusion-column content-box-column content-box-column content-box-column-1 col-lg-4 col-md-4 col-sm-4 fusion-content-box-hover content-box-column-first-in-row\"><div class=\"col content-box-wrapper content-wrapper-background link-area-link-icon link-type-text icon-hover-animation-fade\" data-animationoffset=\"top-into-view\"><div class=\"heading heading-with-icon icon-left\"><a class=\"heading-link\" href=\"https:\/\/feinton.net\/en\/remote-recording\/sessionlinkpro\/\" target=\"_self\"><div class=\"icon\"><i style=\"background-color:transparent;border-color:transparent;height:auto;width: 48px;line-height:normal;font-size:48px;\" aria-hidden=\"true\" class=\"fontawesome-icon fa-microphone-alt fas circle-no\"><\/i><\/div><h2 class=\"content-box-heading fusion-responsive-typography-calculated\" style=\"--h2_typography-font-size:24px;--fontSize:24;line-height:1;padding-left:68px;\">Audio<\/h2><\/a><\/div><div class=\"fusion-clearfix\"><\/div><div class=\"content-container\">\n<p>for pure audio connections in high quality, particularly suitable for voice overs and much more<\/p>\n<\/div><div class=\"fusion-clearfix\"><\/div><a class=\"fusion-read-more\" style=\"margin-left:68px;\" href=\"https:\/\/feinton.net\/en\/remote-recording\/sessionlinkpro\/\" target=\"_self\">more info<\/a><div class=\"fusion-clearfix\"><\/div><\/div><\/div><div style=\"--awb-backgroundcolor:#ffffff;--awb-iconcolor:var(--awb-color3);--awb-content-padding-left:68px;border-color:rgba(255,255,255,0);\" class=\"fusion-column content-box-column content-box-column content-box-column-2 col-lg-4 col-md-4 col-sm-4 fusion-content-box-hover\"><div class=\"col content-box-wrapper content-wrapper-background link-area-link-icon link-type-text icon-hover-animation-fade\" data-animationoffset=\"top-into-view\"><div class=\"heading heading-with-icon icon-left\"><a class=\"heading-link\" href=\"https:\/\/feinton.net\/en\/remote-recording\/audio-video\/\" target=\"_self\"><div class=\"icon\"><i style=\"background-color:transparent;border-color:transparent;height:auto;width: 48px;line-height:normal;font-size:48px;\" aria-hidden=\"true\" class=\"fontawesome-icon fa-video fas circle-no\"><\/i><\/div><h2 class=\"content-box-heading fusion-responsive-typography-calculated\" style=\"--h2_typography-font-size:24px;--fontSize:24;line-height:1;padding-left:68px;\">Audio &amp; Video<\/h2><\/a><\/div><div class=\"fusion-clearfix\"><\/div><div class=\"content-container\">\n<p>for pure audio connections in high quality, particularly suitable for voice overs and much more<\/p>\n<\/div><div class=\"fusion-clearfix\"><\/div><a class=\"fusion-read-more\" style=\"margin-left:68px;\" href=\"https:\/\/feinton.net\/en\/remote-recording\/audio-video\/\" target=\"_self\">more info<\/a><div class=\"fusion-clearfix\"><\/div><\/div><\/div><div style=\"--awb-backgroundcolor:#ffffff;--awb-iconcolor:var(--awb-color3);--awb-content-padding-left:68px;border-color:rgba(255,255,255,0);\" class=\"fusion-column content-box-column content-box-column content-box-column-3 col-lg-4 col-md-4 col-sm-4 fusion-content-box-hover content-box-column-last content-box-column-last-in-row\"><div class=\"col content-box-wrapper content-wrapper-background link-area-link-icon icon-hover-animation-fade\" data-animationoffset=\"top-into-view\"><div class=\"heading heading-with-icon icon-left\"><div class=\"icon\"><i style=\"background-color:transparent;border-color:transparent;height:auto;width: 48px;line-height:normal;font-size:48px;\" aria-hidden=\"true\" class=\"fontawesome-icon fa-phone-alt fas circle-no\"><\/i><\/div><h2 class=\"content-box-heading fusion-responsive-typography-calculated\" style=\"--h2_typography-font-size:24px;--fontSize:24;line-height:1;padding-left:68px;\">Phone<\/h2><\/div><div class=\"fusion-clearfix\"><\/div><div class=\"content-container\">\n<p><span style=\"color: var(--awb-body-color); text-align: var(--awb-content-text-align); background-color: var(--awb-backgroundcolor); font-family: var(--body_typography-font-family); font-size: var(--body_typography-font-size); font-style: var(--body_typography-font-style,normal); font-weight: var(--body_typography-font-weight); letter-spacing: var(--body_typography-letter-spacing);\">The classic solution when no alternative is available, e.g. suitable for directing<\/span><\/p>\n<p><a href=\"tel:\/\/+496934872310\">+49 69 348 723 10<\/a><span style=\"color: var(--awb-body-color); text-align: var(--awb-content-text-align); background-color: var(--awb-backgroundcolor); font-family: var(--body_typography-font-family); font-size: var(--body_typography-font-size); font-style: var(--body_typography-font-style,normal); font-weight: var(--body_typography-font-weight); letter-spacing: var(--body_typography-letter-spacing);\"><br \/>\n<\/span><\/p>\n<\/div><\/div><\/div><div class=\"fusion-clearfix\"><\/div><\/div><\/div><\/div><\/div><\/div><\/div><div class=\"fusion-fullwidth fullwidth-box fusion-builder-row-2 fusion-flex-container has-pattern-background has-mask-background nonhundred-percent-fullwidth non-hundred-percent-height-scrolling\" style=\"--awb-border-radius-top-left:0px;--awb-border-radius-top-right:0px;--awb-border-radius-bottom-right:0px;--awb-border-radius-bottom-left:0px;--awb-flex-wrap:wrap;\" ><div class=\"fusion-builder-row fusion-row fusion-flex-align-items-flex-start fusion-flex-justify-content-center fusion-flex-content-wrap\" style=\"max-width:1248px;margin-left: calc(-4% \/ 2 );margin-right: calc(-4% \/ 2 );\"><div class=\"fusion-layout-column fusion_builder_column fusion-builder-column-3 fusion_builder_column_2_5 2_5 fusion-flex-column\" style=\"--awb-bg-size:cover;--awb-width-large:40%;--awb-margin-top-large:0px;--awb-spacing-right-large:4.8%;--awb-margin-bottom-large:20px;--awb-spacing-left-large:4.8%;--awb-width-medium:100%;--awb-order-medium:0;--awb-spacing-right-medium:1.92%;--awb-spacing-left-medium:1.92%;--awb-width-small:100%;--awb-order-small:0;--awb-spacing-right-small:1.92%;--awb-spacing-left-small:1.92%;\"><div class=\"fusion-column-wrapper fusion-column-has-shadow fusion-flex-justify-content-flex-start fusion-content-layout-column\"><div class=\"fusion-title title fusion-title-2 fusion-sep-none fusion-title-text fusion-title-size-two\" style=\"--awb-margin-top:0px;--awb-margin-right:0px;--awb-margin-bottom:0px;--awb-margin-left:0px;--awb-margin-top-small:0px;--awb-margin-right-small:0px;--awb-margin-bottom-small:20px;--awb-margin-left-small:0px;\"><h2 class=\"fusion-title-heading title-heading-left fusion-responsive-typography-calculated\" style=\"margin:0;--fontSize:44;line-height:1;\">Current time here in Frankfurt:<\/h2><\/div>  <!DOCTYPE HTML>\n  <html lang=\"de\">\n  <head>\n   <title>Aktuelle Uhrzeit<\/title>\n   <meta charset=\"utf-8\">\n   <meta http-equiv=\"refresh\" content=\"60\">\n  <\/head>\n  <body>\n   <script>\n    <!--\n    var Jetzt = new Date();\n    var Tag = Jetzt.getDate();\n    var Monat = Jetzt.getMonth() + 1;\n    var Jahr = Jetzt.getYear();\n    var Stunden = Jetzt.getHours();\n    var Minuten = Jetzt.getMinutes();\n    var Minute2  = ((Minuten < 10) ? \":0\" : \":\");\n    var Sekunden = Jetzt.getSeconds();\n    var Sekunde2  = ((Sekunden < 10) ? \":0\" : \":\");\n    if (Jahr<2000) Jahr=Jahr+1900;\n     document.write(\"<h2>\"+ Stunden + Minute2 + Minuten +\"<\\\/h2>\");\n    \/\/-->\n   <\/script>\n  <\/body>\n  <\/html><\/div><\/div><\/div><\/div><div id=\"technik\" class=\"fusion-container-anchor\"><div class=\"fusion-fullwidth fullwidth-box fusion-builder-row-3 nonhundred-percent-fullwidth non-hundred-percent-height-scrolling\" style=\"--awb-border-radius-top-left:0px;--awb-border-radius-top-right:0px;--awb-border-radius-bottom-right:0px;--awb-border-radius-bottom-left:0px;--awb-background-color:#f9f9f9;--awb-flex-wrap:wrap;\" ><div class=\"fusion-builder-row fusion-row\"><div class=\"fusion-layout-column fusion_builder_column fusion-builder-column-4 fusion_builder_column_1_1 1_1 fusion-one-full fusion-column-first fusion-column-last\" style=\"--awb-bg-blend:overlay;--awb-bg-size:cover;\"><div class=\"fusion-column-wrapper fusion-flex-column-wrapper-legacy\"><div class=\"fusion-text fusion-text-2\"><div class=\"aligncenter\" >\n<a href=\"https:\/\/www.steinberg.net\/de\/\" target=\"_blank\" rel=\"noopener\"><img decoding=\"async\" class=\"lazyload logo-hersteller\" src=\"data:image\/gif;base64,R0lGODlhAQABAAAAACH5BAEKAAEALAAAAAABAAEAAAICTAEAOw==\" data-orig-src=\"https:\/\/feinton.net\/wp\/wp-content\/uploads\/logo-steinberg.png\" title=\"Steinberg\" width=\"120\" \/><\/a>\n<a href=\"http:\/\/eventelectronics.com\/\" target=\"_blank\" rel=\"noopener\"><img decoding=\"async\" class=\"lazyload logo-hersteller\" src=\"data:image\/gif;base64,R0lGODlhAQABAAAAACH5BAEKAAEALAAAAAABAAEAAAICTAEAOw==\" data-orig-src=\"https:\/\/feinton.net\/wp\/wp-content\/uploads\/logo-event.png\" title=\"Event\" width=\"69\"\/><\/a>\n<a href=\"https:\/\/neumann.com\" target=\"_blank\" rel=\"noopener\"><img decoding=\"async\" class=\"lazyload logo-hersteller\" src=\"data:image\/gif;base64,R0lGODlhAQABAAAAACH5BAEKAAEALAAAAAABAAEAAAICTAEAOw==\" data-orig-src=\"https:\/\/feinton.net\/wp\/wp-content\/uploads\/logo-neumann.png\" alt=\"\" title=\"Neumann.Berlin\" width=\"65\" \/><\/a>\n<a href=\"https:\/\/www.waves.com\/r\/jmyhbq\" target=\"_blank\" rel=\"noopener\"><img decoding=\"async\" class=\"lazyload logo-hersteller\" src=\"data:image\/gif;base64,R0lGODlhAQABAAAAACH5BAEKAAEALAAAAAABAAEAAAICTAEAOw==\" data-orig-src=\"https:\/\/feinton.net\/wp\/wp-content\/uploads\/logo-waves.png\" title=\"Waves Audio\"  width=\"55\" \/><\/a>\n<a href=\"https:\/\/www.thomann.de\/de\/rode.html?partner_id=51477\" target=\"_blank\" rel=\"noopener\"><img decoding=\"async\" class=\"lazyload logo-hersteller\" src=\"data:image\/gif;base64,R0lGODlhAQABAAAAACH5BAEKAAEALAAAAAABAAEAAAICTAEAOw==\" data-orig-src=\"https:\/\/feinton.net\/wp\/wp-content\/uploads\/logo-rode.png\" title=\"R\u00d8DE Microphones\"  width=\"103\"\/><\/a>\n<a href=\"https:\/\/uaudio.com\" target=\"_blank\" rel=\"noopener\"><img decoding=\"async\" class=\"lazyload logo-hersteller\" src=\"data:image\/gif;base64,R0lGODlhAQABAAAAACH5BAEKAAEALAAAAAABAAEAAAICTAEAOw==\" data-orig-src=\"https:\/\/feinton.net\/wp\/wp-content\/uploads\/logo-universal-audio.png\" title=\"Universal Audio\" width=\"85\"\/><\/a>\n<a href=\"http:\/\/wissmueller-kaffee.de\/\" target=\"_blank\" rel=\"noopener\"><img decoding=\"async\" class=\"lazyload logo-hersteller\" src=\"data:image\/gif;base64,R0lGODlhAQABAAAAACH5BAEKAAEALAAAAAABAAEAAAICTAEAOw==\" data-orig-src=\"https:\/\/feinton.net\/wp\/wp-content\/uploads\/logo-stern-kaffee.png\" title=\"Stern Kaffee R\u00f6sterei Wissm\u00fcller\" width=\"69\"\/><\/a>\n<a href=\"https:\/\/sessionlinkpro.com\/\" target=\"_blank\" rel=\"noopener\"><img decoding=\"async\" class=\"lazyload logo-hersteller\" src=\"data:image\/gif;base64,R0lGODlhAQABAAAAACH5BAEKAAEALAAAAAABAAEAAAICTAEAOw==\" data-orig-src=\"https:\/\/feinton.net\/wp\/wp-content\/uploads\/logo-slp.png\" title=\"SessionLinkPRO - Professional far end recording through your web browser\" width=\"185\" \/><\/a>\n<\/div>\n<\/div><div class=\"fusion-clearfix\"><\/div><\/div><\/div><\/div><\/div><\/div><div id=\"kontakt\" class=\"fusion-container-anchor\"><div class=\"fusion-fullwidth fullwidth-box fusion-builder-row-4 hundred-percent-fullwidth non-hundred-percent-height-scrolling\" style=\"--awb-border-radius-top-left:0px;--awb-border-radius-top-right:0px;--awb-border-radius-bottom-right:0px;--awb-border-radius-bottom-left:0px;--awb-padding-top:5%;--awb-padding-bottom:5%;--awb-background-color:#d8e765;--awb-flex-wrap:wrap;\" ><div class=\"fusion-builder-row fusion-row\"><div class=\"fusion-layout-column fusion_builder_column fusion-builder-column-5 fusion_builder_column_1_1 1_1 fusion-one-full fusion-column-first fusion-column-last\" style=\"--awb-bg-blend:overlay;--awb-bg-size:cover;\"><div class=\"fusion-column-wrapper fusion-flex-column-wrapper-legacy\"><div class=\"fusion-widget-area awb-widget-area-element fusion-widget-area-1 fusion-content-widget-area\" style=\"--awb-title-size:16px;--awb-title-color:#2b2b2b;--awb-padding:0px 0px 0px 0px;\"><div id=\"text-31\" class=\"widget widget_text\" style=\"border-style: solid;border-color:transparent;border-width:0px;\">\t\t\t<div class=\"textwidget\"><h3 style=\"text-align: center;\">Got any questions?<\/h3>\n<p style=\"text-align: center;\">Call us! We look forward to helping you.<\/p>\n<h3 style=\"text-align: center;\"><a href=\"tel:+496977039924\">+49 69 \/ 770 399 24<\/a><br \/><\/h3>\n<\/div>\n\t\t<\/div><div class=\"fusion-additional-widget-content\"><\/div><\/div><div class=\"fusion-aligncenter\"><a class=\"fusion-button button-flat button-xlarge button-default fusion-button-default button-1 fusion-button-default-span fusion-button-default-type\" target=\"_self\" href=\"\/en\/kontakt\/\"><span class=\"fusion-button-text awb-button__text awb-button__text--default\">Contact<\/span><i class=\"fa fa-comments awb-button__icon awb-button__icon--default button-icon-right\" aria-hidden=\"true\"><\/i><\/a><\/div><div class=\"fusion-clearfix\"><\/div><\/div><\/div><\/div><\/div><\/div><\/p>","protected":false},"excerpt":{"rendered":"","protected":false},"author":1,"featured_media":0,"parent":0,"menu_order":0,"comment_status":"closed","ping_status":"closed","template":"100-width.php","meta":{"_monsterinsights_skip_tracking":false,"_monsterinsights_sitenote_active":false,"_monsterinsights_sitenote_note":"","_monsterinsights_sitenote_category":0,"footnotes":""},"class_list":["post-41589","page","type-page","status-publish","hentry"],"aioseo_notices":[],"_links":{"self":[{"href":"https:\/\/feinton.net\/en\/wp-json\/wp\/v2\/pages\/41589","targetHints":{"allow":["GET"]}}],"collection":[{"href":"https:\/\/feinton.net\/en\/wp-json\/wp\/v2\/pages"}],"about":[{"href":"https:\/\/feinton.net\/en\/wp-json\/wp\/v2\/types\/page"}],"author":[{"embeddable":true,"href":"https:\/\/feinton.net\/en\/wp-json\/wp\/v2\/users\/1"}],"replies":[{"embeddable":true,"href":"https:\/\/feinton.net\/en\/wp-json\/wp\/v2\/comments?post=41589"}],"version-history":[{"count":279,"href":"https:\/\/feinton.net\/en\/wp-json\/wp\/v2\/pages\/41589\/revisions"}],"predecessor-version":[{"id":75955,"href":"https:\/\/feinton.net\/en\/wp-json\/wp\/v2\/pages\/41589\/revisions\/75955"}],"wp:attachment":[{"href":"https:\/\/feinton.net\/en\/wp-json\/wp\/v2\/media?parent=41589"}],"curies":[{"name":"wp","href":"https:\/\/api.w.org\/{rel}","templated":true}]}}